{"id":7561,"date":"2020-03-24T19:20:44","date_gmt":"2020-03-24T19:20:44","guid":{"rendered":"https:\/\/chefmartino.se\/?post_type=product&#038;p=7561"},"modified":"2020-12-22T20:52:59","modified_gmt":"2020-12-22T20:52:59","slug":"poster-to-your-wall","status":"publish","type":"product","link":"https:\/\/chefmartino.se\/sv\/produkt\/poster-to-your-wall\/","title":{"rendered":"The H2o poster"},"content":{"rendered":"<div id=\"tab-description\" class=\"woocommerce-Tabs-panel woocommerce-Tabs-panel--description panel entry-content wc-tab\" role=\"tabpanel\" aria-labelledby=\"tab-title-description\">\n<h2>Now you have the opportunity to choose a frame &#8211; ask for price<\/h2>\n<p>Postern levereras i en rulle och du kan rama in den sj\u00e4lv. Men vi kan erbjuda inramning p\u00e5 beg\u00e4ran. Vi erbjuder inramade affischer i tre versioner vitt, svart och ek.  Upph\u00e4ngning \u00e4r f\u00f6rmonterad p\u00e5 ramens bakstycke. Inramande fotoaffischer finns i storlekarna 30 \u00d7 30 cm, 30 \u00d7 40 cm, 40 \u00d7 50 cm, 50 \u00d7 50 cm, 50 \u00d7 70 cm &amp; 70 \u00d7 100 cm<\/p>\n<p>Photo by <a href=\"http:\/\/www.martinlof.com\">Martin L\u00f6f<\/a><\/p>\n<\/div>","protected":false},"excerpt":{"rendered":"<h2>Dekorera din k\u00f6ksv\u00e4gg<\/h2>\n<h4>med en torsk, abborre, \u00e5l, havskatt, kolja, makrill och en m\u00f6rt.<\/h4>\n<p>H2O-affischen \u00e4r en interaktion med bokst\u00e4ver och bilder av fiskar fr\u00e5n \u00d6stersj\u00f6ns hav.<\/p>\n<p>Leverans till dig inom 3-5 dagar inom norden. Tryckt p\u00e5 Hahnem\u00fchle konstpapper. Dessa affischer har en sl\u00e4t yta och en \"ljusvit\" bas som ger en bra f\u00e4rg\u00e5tergivning. Papperet har en ytvikt p\u00e5 210 gr. Konstaffischer av Chef Martino finns som standardformat 70 \u00d7 100 cm. F\u00f6r andra storlekar - kontakta oss. Vi kan leverera fr\u00e5n 30 x 50 till 150 x 300 cm.<\/p>\n<p>Kontakta oss f\u00f6r andra storlekar!<\/p>\n<p>Have a look at other Posters from the MARIS Collection below:<\/p>\n<p>Have a look at other Posters from the MARIS Collection below:<\/p>\n<p>&nbsp;<\/p>\n<p>Leverans<\/p>","protected":false},"featured_media":7539,"comment_status":"open","ping_status":"closed","template":"","meta":{"content-type":"","_monsterinsights_skip_tracking":false,"_monsterinsights_sitenote_active":false,"_monsterinsights_sitenote_note":"","_monsterinsights_sitenote_category":0},"product_brand":[],"product_cat":[330,52],"product_tag":[],"wpstream_actors":[],"wpstream_category":[],"wpstream_movie_rating":[],"class_list":{"0":"post-7561","1":"product","2":"type-product","3":"status-publish","4":"has-post-thumbnail","6":"product_cat-fine-art-poster","7":"product_cat-most-popular-items-in-kitchen","8":"product_shipping_class-pack","10":"first","11":"instock","12":"taxable","13":"shipping-taxable","14":"purchasable","15":"product-type-simple"},"_links":{"self":[{"href":"https:\/\/chefmartino.se\/sv\/wp-json\/wp\/v2\/product\/7561","targetHints":{"allow":["GET"]}}],"collection":[{"href":"https:\/\/chefmartino.se\/sv\/wp-json\/wp\/v2\/product"}],"about":[{"href":"https:\/\/chefmartino.se\/sv\/wp-json\/wp\/v2\/types\/product"}],"replies":[{"embeddable":true,"href":"https:\/\/chefmartino.se\/sv\/wp-json\/wp\/v2\/comments?post=7561"}],"version-history":[{"count":0,"href":"https:\/\/chefmartino.se\/sv\/wp-json\/wp\/v2\/product\/7561\/revisions"}],"wp:featuredmedia":[{"embeddable":true,"href":"https:\/\/chefmartino.se\/sv\/wp-json\/wp\/v2\/media\/7539"}],"wp:attachment":[{"href":"https:\/\/chefmartino.se\/sv\/wp-json\/wp\/v2\/media?parent=7561"}],"wp:term":[{"taxonomy":"product_brand","embeddable":true,"href":"https:\/\/chefmartino.se\/sv\/wp-json\/wp\/v2\/product_brand?post=7561"},{"taxonomy":"product_cat","embeddable":true,"href":"https:\/\/chefmartino.se\/sv\/wp-json\/wp\/v2\/product_cat?post=7561"},{"taxonomy":"product_tag","embeddable":true,"href":"https:\/\/chefmartino.se\/sv\/wp-json\/wp\/v2\/product_tag?post=7561"},{"taxonomy":"wpstream_actors","embeddable":true,"href":"https:\/\/chefmartino.se\/sv\/wp-json\/wp\/v2\/wpstream_actors?post=7561"},{"taxonomy":"wpstream_category","embeddable":true,"href":"https:\/\/chefmartino.se\/sv\/wp-json\/wp\/v2\/wpstream_category?post=7561"},{"taxonomy":"wpstream_movie_rating","embeddable":true,"href":"https:\/\/chefmartino.se\/sv\/wp-json\/wp\/v2\/wpstream_movie_rating?post=7561"}],"curies":[{"name":"wp","href":"https:\/\/api.w.org\/{rel}","templated":true}]}}