{"id":7303,"date":"2020-03-21T10:59:37","date_gmt":"2020-03-21T10:59:37","guid":{"rendered":"https:\/\/chefmartino.se\/?post_type=product&#038;p=7303"},"modified":"2020-12-22T20:54:01","modified_gmt":"2020-12-22T20:54:01","slug":"fine-art-poster-codfish","status":"publish","type":"product","link":"https:\/\/chefmartino.se\/sv\/produkt\/fine-art-poster-codfish\/","title":{"rendered":"The Cod Fish"},"content":{"rendered":"<p>Postern levereras i en rulle och du kan rama in den sj\u00e4lv. Men vi kan erbjuda inramning p\u00e5 beg\u00e4ran. Vi erbjuder inramade affischer i tre versioner vitt, svart och ek.  Upph\u00e4ngning \u00e4r f\u00f6rmonterad p\u00e5 ramens bakstycke. Inramande fotoaffischer finns i storlekarna 30 \u00d7 30 cm, 30 \u00d7 40 cm, 40 \u00d7 50 cm, 50 \u00d7 50 cm, 50 \u00d7 70 cm &amp; 70 \u00d7 100 cm<\/p>\n<p>Ask about price for framing!<\/p>\n<p>Photo by <a href=\"http:\/\/www.martinlof.com\">Martin L\u00f6f<\/a><\/p>","protected":false},"excerpt":{"rendered":"<h2>Decorate your wall.<\/h2>\n<p>The Cod Fish Poster is a is an interaction with letters and pictures. Much like the board of the optician when trying glasses. Can you see the top row?<\/p>\n<p>Leverans till dig inom 3-5 dagar inom norden. Tryckt p\u00e5 Hahnem\u00fchle konstpapper. Dessa affischer har en sl\u00e4t yta och en \"ljusvit\" bas som ger en bra f\u00e4rg\u00e5tergivning. Papperet har en ytvikt p\u00e5 210 gr. Konstaffischer av Chef Martino finns som standardformat 70 \u00d7 100 cm. F\u00f6r andra storlekar - kontakta oss. Vi kan leverera fr\u00e5n 30 x 50 till 150 x 300 cm.<\/p>\n<p>Kontakta oss f\u00f6r andra storlekar!<\/p>\n<p>Delivered in 3-7 days<\/p>\n<p>Have a look at other Posters from the MARIS Collection below:<\/p>\n<p>Photo by <a href=\"http:\/\/www.martinlof.com\">Martin L\u00f6f<\/a><\/p>","protected":false},"featured_media":7627,"comment_status":"open","ping_status":"closed","template":"","meta":{"content-type":"","_monsterinsights_skip_tracking":false,"_monsterinsights_sitenote_active":false,"_monsterinsights_sitenote_note":"","_monsterinsights_sitenote_category":0},"product_brand":[],"product_cat":[330,52],"product_tag":[],"wpstream_actors":[],"wpstream_category":[],"wpstream_movie_rating":[],"class_list":{"0":"post-7303","1":"product","2":"type-product","3":"status-publish","4":"has-post-thumbnail","6":"product_cat-fine-art-poster","7":"product_cat-most-popular-items-in-kitchen","8":"product_shipping_class-pack","10":"first","11":"instock","12":"taxable","13":"shipping-taxable","14":"purchasable","15":"product-type-simple"},"_links":{"self":[{"href":"https:\/\/chefmartino.se\/sv\/wp-json\/wp\/v2\/product\/7303","targetHints":{"allow":["GET"]}}],"collection":[{"href":"https:\/\/chefmartino.se\/sv\/wp-json\/wp\/v2\/product"}],"about":[{"href":"https:\/\/chefmartino.se\/sv\/wp-json\/wp\/v2\/types\/product"}],"replies":[{"embeddable":true,"href":"https:\/\/chefmartino.se\/sv\/wp-json\/wp\/v2\/comments?post=7303"}],"version-history":[{"count":0,"href":"https:\/\/chefmartino.se\/sv\/wp-json\/wp\/v2\/product\/7303\/revisions"}],"wp:featuredmedia":[{"embeddable":true,"href":"https:\/\/chefmartino.se\/sv\/wp-json\/wp\/v2\/media\/7627"}],"wp:attachment":[{"href":"https:\/\/chefmartino.se\/sv\/wp-json\/wp\/v2\/media?parent=7303"}],"wp:term":[{"taxonomy":"product_brand","embeddable":true,"href":"https:\/\/chefmartino.se\/sv\/wp-json\/wp\/v2\/product_brand?post=7303"},{"taxonomy":"product_cat","embeddable":true,"href":"https:\/\/chefmartino.se\/sv\/wp-json\/wp\/v2\/product_cat?post=7303"},{"taxonomy":"product_tag","embeddable":true,"href":"https:\/\/chefmartino.se\/sv\/wp-json\/wp\/v2\/product_tag?post=7303"},{"taxonomy":"wpstream_actors","embeddable":true,"href":"https:\/\/chefmartino.se\/sv\/wp-json\/wp\/v2\/wpstream_actors?post=7303"},{"taxonomy":"wpstream_category","embeddable":true,"href":"https:\/\/chefmartino.se\/sv\/wp-json\/wp\/v2\/wpstream_category?post=7303"},{"taxonomy":"wpstream_movie_rating","embeddable":true,"href":"https:\/\/chefmartino.se\/sv\/wp-json\/wp\/v2\/wpstream_movie_rating?post=7303"}],"curies":[{"name":"wp","href":"https:\/\/api.w.org\/{rel}","templated":true}]}}