{"id":6821,"date":"2020-03-01T14:23:40","date_gmt":"2020-03-01T14:23:40","guid":{"rendered":"https:\/\/chefmartino.se\/?post_type=product&#038;p=6821"},"modified":"2020-03-26T12:57:04","modified_gmt":"2020-03-26T12:57:04","slug":"the-strombacka-knife","status":"publish","type":"product","link":"https:\/\/chefmartino.se\/sv\/produkt\/the-strombacka-knife\/","title":{"rendered":"The Str\u00f6mbacka knife"},"content":{"rendered":"<p>The Str\u00f6mbacka knife is a forged knife in hardened steel and made from an old model called &#8220;k\u00e4rringkniv&#8221;, hence the hook on the handle to be able to attach it to the kitchen apron. The knife is very sharp because of its hardened steel. The knife requires love and care. It must be dried after use as it is not made of stainless steel. But the feeling and knowledge that it is a hand forge makes it fantastic to work with.<\/p>","protected":false},"excerpt":{"rendered":"<p>The Str\u00f6mbacka knife is a forged knife in hardened steel and made from an old model called &#8220;k\u00e4rringkniv&#8221;, hence the hook on the handle to be able to attach it to the kitchen apron. The knife is very sharp because of its hardened steel. The knife requires love and care. It must be dried after use as it is not made of stainless steel. But the feeling and knowledge that it is a hand forge makes it fantastic to work with.<\/p>","protected":false},"featured_media":6826,"comment_status":"open","ping_status":"closed","template":"","meta":{"content-type":"","_monsterinsights_skip_tracking":false,"_monsterinsights_sitenote_active":false,"_monsterinsights_sitenote_note":"","_monsterinsights_sitenote_category":0},"product_brand":[],"product_cat":[350,52,53],"product_tag":[],"wpstream_actors":[],"wpstream_category":[],"wpstream_movie_rating":[],"class_list":{"0":"post-6821","1":"product","2":"type-product","3":"status-publish","4":"has-post-thumbnail","6":"product_cat-kitchen-tools","7":"product_cat-most-popular-items-in-kitchen","8":"product_cat-trending","9":"product_shipping_class-pack","11":"first","12":"instock","13":"taxable","14":"shipping-taxable","15":"purchasable","16":"product-type-simple"},"_links":{"self":[{"href":"https:\/\/chefmartino.se\/sv\/wp-json\/wp\/v2\/product\/6821","targetHints":{"allow":["GET"]}}],"collection":[{"href":"https:\/\/chefmartino.se\/sv\/wp-json\/wp\/v2\/product"}],"about":[{"href":"https:\/\/chefmartino.se\/sv\/wp-json\/wp\/v2\/types\/product"}],"replies":[{"embeddable":true,"href":"https:\/\/chefmartino.se\/sv\/wp-json\/wp\/v2\/comments?post=6821"}],"version-history":[{"count":0,"href":"https:\/\/chefmartino.se\/sv\/wp-json\/wp\/v2\/product\/6821\/revisions"}],"wp:featuredmedia":[{"embeddable":true,"href":"https:\/\/chefmartino.se\/sv\/wp-json\/wp\/v2\/media\/6826"}],"wp:attachment":[{"href":"https:\/\/chefmartino.se\/sv\/wp-json\/wp\/v2\/media?parent=6821"}],"wp:term":[{"taxonomy":"product_brand","embeddable":true,"href":"https:\/\/chefmartino.se\/sv\/wp-json\/wp\/v2\/product_brand?post=6821"},{"taxonomy":"product_cat","embeddable":true,"href":"https:\/\/chefmartino.se\/sv\/wp-json\/wp\/v2\/product_cat?post=6821"},{"taxonomy":"product_tag","embeddable":true,"href":"https:\/\/chefmartino.se\/sv\/wp-json\/wp\/v2\/product_tag?post=6821"},{"taxonomy":"wpstream_actors","embeddable":true,"href":"https:\/\/chefmartino.se\/sv\/wp-json\/wp\/v2\/wpstream_actors?post=6821"},{"taxonomy":"wpstream_category","embeddable":true,"href":"https:\/\/chefmartino.se\/sv\/wp-json\/wp\/v2\/wpstream_category?post=6821"},{"taxonomy":"wpstream_movie_rating","embeddable":true,"href":"https:\/\/chefmartino.se\/sv\/wp-json\/wp\/v2\/wpstream_movie_rating?post=6821"}],"curies":[{"name":"wp","href":"https:\/\/api.w.org\/{rel}","templated":true}]}}