{"id":7561,"date":"2020-03-24T19:20:44","date_gmt":"2020-03-24T19:20:44","guid":{"rendered":"https:\/\/chefmartino.se\/?post_type=product&#038;p=7561"},"modified":"2020-12-22T20:52:59","modified_gmt":"2020-12-22T20:52:59","slug":"poster-to-your-wall","status":"publish","type":"product","link":"https:\/\/chefmartino.se\/da\/vare\/poster-to-your-wall\/","title":{"rendered":"The H2o poster"},"content":{"rendered":"<div id=\"tab-description\" class=\"woocommerce-Tabs-panel woocommerce-Tabs-panel--description panel entry-content wc-tab\" role=\"tabpanel\" aria-labelledby=\"tab-title-description\">\n<h2>Now you have the opportunity to choose a frame &#8211; ask for price<\/h2>\n<p>Postern leveres i en rulle, og du kan selv indramme den. Men vi kan tilbyde indramning efter anmodning. Vi tilbyder indrammede plakater i tre versioner hvid, sort og eg. I Oph\u00e6ng er pr\u00e6monteret p\u00e5 rammens bagstykke. Indramning af fotoplakater f\u00e5s i st\u00f8rrelserne 30 \u00d7 30 cm, 30 \u00d7 40 cm, 40 \u00d7 50 cm, 50 \u00d7 50 cm, 50 \u00d7 70 cm &amp; 70 \u00d7 100 cm<\/p>\n<p>Photo by <a href=\"http:\/\/www.martinlof.com\">Martin L\u00f6f<\/a><\/p>\n<\/div>","protected":false},"excerpt":{"rendered":"<h2>Dekorer din k\u00f8kkenv\u00e6g<\/h2>\n<h4>med en torsk, en aborre, en \u00e5l, en havkat, en kuller, en makrel og en mort.<\/h4>\n<p>H2O-plakaten er en interaktion med bogstaver og billeder af fisk fra \u00d8sters\u00f8en.<\/p>\n<p>Levering til dig om 5-7 dage inden for de nordiske gr\u00e6nser. Trykt p\u00e5 papir fra Hahnem\u00fchle kunst. Disse plakater har en glat overflade og en \u201clys hvid\u201d base, der giver en god farvegengivelse. Papiret har en overfladev\u00e6gt p\u00e5 210 gr. Billedkunstplakater af Chef Martino f\u00e5s som standardformat 70 \u00d7 100 cm. For anden st\u00f8rrelse - kontakt os. Vi kan levere fra 30 x 50 op til 150 x 300 cm.<\/p>\n<p>Kontakt os for andre st\u00f8rrelser p\u00e5 postern.<\/p>\n<p>Have a look at other Posters from the MARIS Collection below:<\/p>\n<p>Have a look at other Posters from the MARIS Collection below:<\/p>\n<p>&nbsp;<\/p>\n<p>Delivered to you in 3-7 days<\/p>","protected":false},"featured_media":7539,"comment_status":"open","ping_status":"closed","template":"","meta":{"content-type":"","_monsterinsights_skip_tracking":false,"_monsterinsights_sitenote_active":false,"_monsterinsights_sitenote_note":"","_monsterinsights_sitenote_category":0},"product_brand":[],"product_cat":[330,52],"product_tag":[],"wpstream_actors":[],"wpstream_category":[],"wpstream_movie_rating":[],"class_list":{"0":"post-7561","1":"product","2":"type-product","3":"status-publish","4":"has-post-thumbnail","6":"product_cat-fine-art-poster","7":"product_cat-most-popular-items-in-kitchen","8":"product_shipping_class-pack","10":"first","11":"instock","12":"taxable","13":"shipping-taxable","14":"purchasable","15":"product-type-simple"},"_links":{"self":[{"href":"https:\/\/chefmartino.se\/da\/wp-json\/wp\/v2\/product\/7561","targetHints":{"allow":["GET"]}}],"collection":[{"href":"https:\/\/chefmartino.se\/da\/wp-json\/wp\/v2\/product"}],"about":[{"href":"https:\/\/chefmartino.se\/da\/wp-json\/wp\/v2\/types\/product"}],"replies":[{"embeddable":true,"href":"https:\/\/chefmartino.se\/da\/wp-json\/wp\/v2\/comments?post=7561"}],"version-history":[{"count":0,"href":"https:\/\/chefmartino.se\/da\/wp-json\/wp\/v2\/product\/7561\/revisions"}],"wp:featuredmedia":[{"embeddable":true,"href":"https:\/\/chefmartino.se\/da\/wp-json\/wp\/v2\/media\/7539"}],"wp:attachment":[{"href":"https:\/\/chefmartino.se\/da\/wp-json\/wp\/v2\/media?parent=7561"}],"wp:term":[{"taxonomy":"product_brand","embeddable":true,"href":"https:\/\/chefmartino.se\/da\/wp-json\/wp\/v2\/product_brand?post=7561"},{"taxonomy":"product_cat","embeddable":true,"href":"https:\/\/chefmartino.se\/da\/wp-json\/wp\/v2\/product_cat?post=7561"},{"taxonomy":"product_tag","embeddable":true,"href":"https:\/\/chefmartino.se\/da\/wp-json\/wp\/v2\/product_tag?post=7561"},{"taxonomy":"wpstream_actors","embeddable":true,"href":"https:\/\/chefmartino.se\/da\/wp-json\/wp\/v2\/wpstream_actors?post=7561"},{"taxonomy":"wpstream_category","embeddable":true,"href":"https:\/\/chefmartino.se\/da\/wp-json\/wp\/v2\/wpstream_category?post=7561"},{"taxonomy":"wpstream_movie_rating","embeddable":true,"href":"https:\/\/chefmartino.se\/da\/wp-json\/wp\/v2\/wpstream_movie_rating?post=7561"}],"curies":[{"name":"wp","href":"https:\/\/api.w.org\/{rel}","templated":true}]}}