{"id":10585,"date":"2020-12-21T10:05:13","date_gmt":"2020-12-21T10:05:13","guid":{"rendered":"https:\/\/chefmartino.se\/?post_type=product&#038;p=10585"},"modified":"2025-01-26T11:29:45","modified_gmt":"2025-01-26T11:29:45","slug":"workshop-hur-du-lyckas-baka-surdegsbrodet","status":"publish","type":"product","link":"https:\/\/chefmartino.se\/da\/vare\/workshop-hur-du-lyckas-baka-surdegsbrodet\/","title":{"rendered":"Workshop &#8211; hur du lyckas baka b\u00e4sta surdegsbr\u00f6det!"},"content":{"rendered":"<div data-elementor-type=\"product-post\" data-elementor-id=\"10585\" class=\"elementor elementor-10585\">\n\t\t\t\t\t\t<section class=\"ob-is-breaking-bad elementor-section elementor-top-section elementor-element elementor-element-842ab11 elementor-section-boxed elementor-section-height-default elementor-section-height-default\" data-id=\"842ab11\" data-element_type=\"section\" data-e-type=\"section\" data-settings=\"{&quot;_ob_bbad_use_it&quot;:&quot;yes&quot;,&quot;_ob_bbad_sssic_use&quot;:&quot;no&quot;,&quot;_ob_glider_is_slider&quot;:&quot;no&quot;}\">\n\t\t\t\t\t\t<div class=\"elementor-container elementor-column-gap-default\">\n\t\t\t\t\t<div class=\"elementor-column elementor-col-100 elementor-top-column elementor-element elementor-element-506d427c\" data-id=\"506d427c\" data-element_type=\"column\" data-e-type=\"column\" data-settings=\"{&quot;_ob_bbad_is_stalker&quot;:&quot;no&quot;,&quot;_ob_teleporter_use&quot;:false,&quot;_ob_column_hoveranimator&quot;:&quot;no&quot;,&quot;_ob_column_has_pseudo&quot;:&quot;no&quot;}\">\n\t\t\t<div class=\"elementor-widget-wrap elementor-element-populated\">\n\t\t\t\t\t\t<div class=\"elementor-element elementor-element-711e26ad ob-harakiri-inherit ob-has-background-overlay elementor-widget elementor-widget-text-editor\" data-id=\"711e26ad\" data-element_type=\"widget\" data-e-type=\"widget\" data-settings=\"{&quot;_ob_use_harakiri&quot;:&quot;yes&quot;,&quot;_ob_harakiri_writing_mode&quot;:&quot;inherit&quot;,&quot;_ob_postman_use&quot;:&quot;no&quot;,&quot;_ob_perspektive_use&quot;:&quot;no&quot;,&quot;_ob_poopart_use&quot;:&quot;yes&quot;,&quot;_ob_shadough_use&quot;:&quot;no&quot;,&quot;_ob_allow_hoveranimator&quot;:&quot;no&quot;,&quot;_ob_widget_stalker_use&quot;:&quot;no&quot;}\" data-widget_type=\"text-editor.default\">\n\t\t\t\t<div class=\"elementor-widget-container\">\n\t\t\t\t\t\t\t\t\t<div dir=\"auto\">En total genomg\u00e5ng hur du lyckas baka b\u00e4sta surdegsbr\u00f6det hemma. 90 minuter exklusivt livestreamad workshop p\u00e5 Facebook live &#8211; bara f\u00f6r dig eller dina v\u00e4nner. Vi b\u00f6rjar med surdegens historia och hur du skall komma ig\u00e5ng till att g\u00e5 igenom utrusning f\u00f6r att avsluta med att blanda degen, l\u00e4ra dig hur du formar den och sist gr\u00e4ddar den i ugnen. 26 sidig e-bok ing\u00e5r och presentkort till motagaren.<\/div>\n<div dir=\"auto\"><\/div>\n<div dir=\"auto\">Efter genomf\u00f6rt k\u00f6p h\u00f6rs vi av och best\u00e4mmer vilket datum som passar dig eller mottagaren. Varefter vi skickar ut en unik kod\/l\u00e4nk till evenemanget och tillh\u00f6rande information om eventuella f\u00f6rberedelser inf\u00f6r eventet.<\/div>\n<div dir=\"auto\"><\/div>\n<div dir=\"auto\">F\u00f6r fr\u00e5gor och mer information:<\/div>\n<div dir=\"auto\">mail@chefmartino.se<\/div>\n<div dir=\"auto\">Happy Baking -Good Baking,<\/div>\n<div dir=\"auto\">Chef Martino.<\/div>\t\t\t\t\t\t\t\t<\/div>\n\t\t\t\t<\/div>\n\t\t\t\t\t<\/div>\n\t\t<\/div>\n\t\t\t\t\t<\/div>\n\t\t<\/section>\n\t\t\t\t<\/div>","protected":false},"excerpt":{"rendered":"<p>En total genomg\u00e5ng hur du lyckas baka b\u00e4sta surdegsbr\u00f6det hemma. 90 minuter exklusivt livestreamad workshop p\u00e5 Facebook live &#8211; exklusivt bara f\u00f6r dig eller dina v\u00e4nner. 26 sidor e-bok med instruktioner, bilder och recept ing\u00e5r. Boka 1 workshop och bjud v\u00e4nner och titta tillsammans i din Livestream. Live interaktion direkt med messenger. Samt uppf\u00f6ljande support n\u00e4r du baka p\u00e5 egen hand av Chef Martino.<\/p>","protected":false},"featured_media":8385,"comment_status":"open","ping_status":"closed","template":"","meta":{"content-type":"","_monsterinsights_skip_tracking":false,"_monsterinsights_sitenote_active":false,"_monsterinsights_sitenote_note":"","_monsterinsights_sitenote_category":0},"product_brand":[],"product_cat":[630],"product_tag":[631],"wpstream_actors":[],"wpstream_category":[],"wpstream_movie_rating":[],"class_list":{"0":"post-10585","1":"product","2":"type-product","3":"status-publish","4":"has-post-thumbnail","6":"product_cat-workshop","7":"product_tag-workshop-surdegsbakning","9":"first","10":"instock","11":"sale","12":"virtual","13":"purchasable","14":"product-type-live_stream"},"_links":{"self":[{"href":"https:\/\/chefmartino.se\/da\/wp-json\/wp\/v2\/product\/10585","targetHints":{"allow":["GET"]}}],"collection":[{"href":"https:\/\/chefmartino.se\/da\/wp-json\/wp\/v2\/product"}],"about":[{"href":"https:\/\/chefmartino.se\/da\/wp-json\/wp\/v2\/types\/product"}],"replies":[{"embeddable":true,"href":"https:\/\/chefmartino.se\/da\/wp-json\/wp\/v2\/comments?post=10585"}],"version-history":[{"count":0,"href":"https:\/\/chefmartino.se\/da\/wp-json\/wp\/v2\/product\/10585\/revisions"}],"wp:featuredmedia":[{"embeddable":true,"href":"https:\/\/chefmartino.se\/da\/wp-json\/wp\/v2\/media\/8385"}],"wp:attachment":[{"href":"https:\/\/chefmartino.se\/da\/wp-json\/wp\/v2\/media?parent=10585"}],"wp:term":[{"taxonomy":"product_brand","embeddable":true,"href":"https:\/\/chefmartino.se\/da\/wp-json\/wp\/v2\/product_brand?post=10585"},{"taxonomy":"product_cat","embeddable":true,"href":"https:\/\/chefmartino.se\/da\/wp-json\/wp\/v2\/product_cat?post=10585"},{"taxonomy":"product_tag","embeddable":true,"href":"https:\/\/chefmartino.se\/da\/wp-json\/wp\/v2\/product_tag?post=10585"},{"taxonomy":"wpstream_actors","embeddable":true,"href":"https:\/\/chefmartino.se\/da\/wp-json\/wp\/v2\/wpstream_actors?post=10585"},{"taxonomy":"wpstream_category","embeddable":true,"href":"https:\/\/chefmartino.se\/da\/wp-json\/wp\/v2\/wpstream_category?post=10585"},{"taxonomy":"wpstream_movie_rating","embeddable":true,"href":"https:\/\/chefmartino.se\/da\/wp-json\/wp\/v2\/wpstream_movie_rating?post=10585"}],"curies":[{"name":"wp","href":"https:\/\/api.w.org\/{rel}","templated":true}]}}