{"id":3,"date":"2019-11-28T20:39:10","date_gmt":"2019-11-28T20:39:10","guid":{"rendered":"http:\/\/chefmartino.se\/?page_id=3"},"modified":"2020-04-07T19:35:50","modified_gmt":"2020-04-07T19:35:50","slug":"privacy-policy","status":"publish","type":"page","link":"https:\/\/chefmartino.se\/da\/privacy-policy\/","title":{"rendered":"Privacy Policy"},"content":{"rendered":"<figure class=\"wp-block-image size-large\"><img fetchpriority=\"high\" decoding=\"async\" width=\"1024\" height=\"420\" src=\"https:\/\/https:\/\/chefmartino.se\/wp-content\/uploads\/2020\/02\/logga-header-Chef-martino-store-blue-black-15cm-1-1024x420.png\" alt=\"\" class=\"wp-image-5264\" srcset=\"https:\/\/chefmartino.se\/wp-content\/uploads\/2020\/02\/logga-header-Chef-martino-store-blue-black-15cm-1-1024x420.png 1024w, https:\/\/chefmartino.se\/wp-content\/uploads\/2020\/02\/logga-header-Chef-martino-store-blue-black-15cm-1-500x205.png 500w, https:\/\/chefmartino.se\/wp-content\/uploads\/2020\/02\/logga-header-Chef-martino-store-blue-black-15cm-1-300x123.png 300w, https:\/\/chefmartino.se\/wp-content\/uploads\/2020\/02\/logga-header-Chef-martino-store-blue-black-15cm-1-768x315.png 768w, https:\/\/chefmartino.se\/wp-content\/uploads\/2020\/02\/logga-header-Chef-martino-store-blue-black-15cm-1-1536x630.png 1536w, https:\/\/chefmartino.se\/wp-content\/uploads\/2020\/02\/logga-header-Chef-martino-store-blue-black-15cm-1-2048x839.png 2048w\" sizes=\"(max-width: 1024px) 100vw, 1024px\" \/><figcaption>Logo Store Chef Martino<\/figcaption><\/figure>\n\n\n\n<h2 class=\"wp-block-heading\">Chef Martino Privacy Policy <\/h2>\n\n\n\n<p>Our website address is: http:\/\/https:\/\/chefmartino.se.<\/p>\n\n\n\n<h2 class=\"wp-block-heading\">What personal data we collect and why we collect it<\/h2>\n\n\n\n<h3 class=\"wp-block-heading\">Comments<\/h3>\n\n\n\n<p>N\u00e5r bes\u00f8gende efterlader kommentarer p\u00e5 hjemmesiden, indsamler vi de data, der vises i kommentarformularen, og ogs\u00e5 den bes\u00f8gendes IP-adresse og browserens brugeragentstreng for at hj\u00e6lpe med at opdage spam.<\/p>\n\n\n\n<p>En anonymiseret streng oprettet fra din e-mail-adresse (ogs\u00e5 kaldet hash) kan leveres til Gravatar-tjenesten for at se, om du bruger den. Fortrolighedspolitikken for Gravatar-tjenesten findes her: https:\/\/automattic.com\/privacy\/. Efter godkendelse af din kommentar er dit profilbillede synligt for offentligheden i forbindelse med din kommentar.<\/p>\n\n\n\n<h3 class=\"wp-block-heading\">Media<\/h3>\n\n\n\n<p>Hvis du uploader billeder til webstedet, b\u00f8r du undg\u00e5 at uploade billeder med indbygget placeringsinformation (EXIF GPS) inkluderet. Bes\u00f8gende p\u00e5 hjemmesiden kan downloade og udtr\u00e6kke placeringsoplysninger fra billeder p\u00e5 hjemmesiden.<\/p>\n\n\n\n<h3 class=\"wp-block-heading\">Kontakt forms<\/h3>\n\n\n\n<h3 class=\"wp-block-heading\">Cookies<\/h3>\n\n\n\n<p>Hvis du efterlader en kommentar p\u00e5 vores hjemmeside, kan du v\u00e6lge at gemme dit navn, din e-mail-adresse og dit websted i cookies. Disse er for din bekvemmelighed, s\u00e5 du ikke beh\u00f8ver at udfylde dine oplysninger igen, n\u00e5r du efterlader en anden kommentar. Disse cookies varer i et \u00e5r.<\/p>\n\n\n\n<p>Hvis du bes\u00f8ger vores login-side, indstiller vi en midlertidig cookie til at afg\u00f8re, om din browser accepterer cookies. Denne cookie indeholder ingen personlige oplysninger og kasseres, n\u00e5r du lukker din browser.<\/p>\n\n\n\n<p>N\u00e5r du logger ind, indstiller vi ogs\u00e5 flere cookies til at gemme dine loginoplysninger og dine sk\u00e6rmvisningsindstillinger. Login-cookies varer i to dage, og cookies til sk\u00e6rmindstillinger varer i et \u00e5r. Hvis du v\u00e6lger \"Husk mig\", forts\u00e6tter dit login i to uger. Hvis du logger ud af din konto, slettes logincookies.<\/p>\n\n\n\n<p>Hvis du redigerer eller offentligg\u00f8r en artikel, gemmes en yderligere cookie i din browser. Denne cookie indeholder ingen personlige oplysninger og angiver kun post-ID for den artikel, du lige har redigeret. Det udl\u00f8ber efter en dag.<\/p>\n\n\n\n<h3 class=\"wp-block-heading\">Indlejret indhold fra andre websteder<\/h3>\n\n\n\n<p>Artikler p\u00e5 dette websted kan indeholde indlejret indhold (s\u00e5som videoer, billeder, artikler osv.). Indlejret indhold fra andre websteder opf\u00f8rer sig n\u00f8jagtigt p\u00e5 samme m\u00e5de som om den bes\u00f8gende har bes\u00f8gt det andet websted.<\/p>\n\n\n\n<p>Disse websteder indsamler muligvis data om dig, bruger cookies, integrerer yderligere sporing fra tredjeparter og overv\u00e5ger din interaktion med det integrerede indhold, herunder sporing af din interaktion med det integrerede indhold, hvis du har en konto og er logget ind p\u00e5 det websted.<\/p>\n\n\n\n<h3 class=\"wp-block-heading\">Analytics<\/h3>\n\n\n\n<h2 class=\"wp-block-heading\">hvem vi deler dine oplysninger med<\/h2>\n\n\n\n<h2 class=\"wp-block-heading\">Hvor l\u00e6nge vi opbevarer dine oplysninger<\/h2>\n\n\n\n<p>Hvis du efterlader en kommentar, bevares kommentaren og dens metadata p\u00e5 ubestemt tid. Dette er for at vi automatisk kan genkende og godkende alle opf\u00f8lgningskommentarer i stedet for at holde dem i en modereringsk\u00f8.<\/p>\n\n\n\n<p>For brugere, der registrerer sig p\u00e5 vores websted (hvis nogen), gemmer vi ogs\u00e5 de personlige oplysninger, de giver i deres brugerprofil. Alle brugere kan til enhver tid se, redigere eller slette deres personlige oplysninger (bortset fra at de ikke kan \u00e6ndre deres brugernavn). Webstedsadministratorer kan ogs\u00e5 se og redigere disse oplysninger.<\/p>\n\n\n\n<h2 class=\"wp-block-heading\">Hvilke rettigheder har du til dine data<\/h2>\n\n\n\n<p>Hvis du har en konto p\u00e5 dette websted eller har efterladt kommentarer, kan du anmode om en eksportfil, der indeholder de personlige oplysninger, vi har om dig, inklusive alle oplysninger, du har givet os. Du kan ogs\u00e5 anmode om, at vi sletter alle personlige oplysninger, vi har om dig. Dette inkluderer ikke nogen information, som vi er forpligtet til at opbevare af administrative, juridiske eller sikkerhedsm\u00e6ssige \u00e5rsager.<\/p>","protected":false},"excerpt":{"rendered":"<p>Chef Martino Privacy Policy Our website address is: http:\/\/https:\/\/chefmartino.se. What personal data we collect and why we collect it Comments When visitors leave comments on the site we collect the data shown in the comments form, and also the visitor\u2019s IP address and browser user agent string to help spam detection. An anonymized string created [&hellip;]<\/p>\n","protected":false},"author":1,"featured_media":0,"parent":0,"menu_order":0,"comment_status":"closed","ping_status":"open","template":"","meta":{"content-type":"","_monsterinsights_skip_tracking":false,"_monsterinsights_sitenote_active":false,"_monsterinsights_sitenote_note":"","_monsterinsights_sitenote_category":0,"footnotes":""},"class_list":["post-3","page","type-page","status-publish","hentry"],"_links":{"self":[{"href":"https:\/\/chefmartino.se\/da\/wp-json\/wp\/v2\/pages\/3","targetHints":{"allow":["GET"]}}],"collection":[{"href":"https:\/\/chefmartino.se\/da\/wp-json\/wp\/v2\/pages"}],"about":[{"href":"https:\/\/chefmartino.se\/da\/wp-json\/wp\/v2\/types\/page"}],"author":[{"embeddable":true,"href":"https:\/\/chefmartino.se\/da\/wp-json\/wp\/v2\/users\/1"}],"replies":[{"embeddable":true,"href":"https:\/\/chefmartino.se\/da\/wp-json\/wp\/v2\/comments?post=3"}],"version-history":[{"count":0,"href":"https:\/\/chefmartino.se\/da\/wp-json\/wp\/v2\/pages\/3\/revisions"}],"wp:attachment":[{"href":"https:\/\/chefmartino.se\/da\/wp-json\/wp\/v2\/media?parent=3"}],"curies":[{"name":"wp","href":"https:\/\/api.w.org\/{rel}","templated":true}]}}